{"id":718,"date":"2025-12-03T14:40:55","date_gmt":"2025-12-03T13:40:55","guid":{"rendered":"https:\/\/hamma-elektronik.de\/otisk\/"},"modified":"2025-12-11T08:28:54","modified_gmt":"2025-12-11T07:28:54","slug":"otisk","status":"publish","type":"page","link":"https:\/\/hamma-elektronik.de\/cs\/otisk\/","title":{"rendered":"Otisk"},"content":{"rendered":"\t\t<div data-elementor-type=\"wp-page\" data-elementor-id=\"718\" class=\"elementor elementor-718 elementor-331\" data-elementor-post-type=\"page\">\n\t\t\t\t<div class=\"elementor-element elementor-element-8d29962 e-flex e-con-boxed e-con e-parent\" data-id=\"8d29962\" data-element_type=\"container\" data-e-type=\"container\" data-settings=\"{&quot;jet_parallax_layout_list&quot;:[],&quot;_ob_use_container_extras&quot;:&quot;no&quot;,&quot;_ob_column_hoveranimator&quot;:&quot;no&quot;,&quot;_ob_glider_is_slider&quot;:&quot;no&quot;,&quot;_ob_column_has_pseudo&quot;:&quot;no&quot;}\">\n\t\t\t\t\t<div class=\"e-con-inner\">\n\t\t\t\t<div class=\"elementor-element elementor-element-07d329f ob-harakiri-inherit ob-has-background-overlay elementor-widget elementor-widget-heading\" data-id=\"07d329f\" data-element_type=\"widget\" data-e-type=\"widget\" data-settings=\"{&quot;_ob_use_harakiri&quot;:&quot;yes&quot;,&quot;_ob_harakiri_writing_mode&quot;:&quot;inherit&quot;,&quot;_ob_harakiri_text_clip&quot;:&quot;none&quot;,&quot;_ob_perspektive_use&quot;:&quot;no&quot;,&quot;_ob_poopart_use&quot;:&quot;yes&quot;,&quot;_ob_shadough_use&quot;:&quot;no&quot;,&quot;_ob_allow_hoveranimator&quot;:&quot;no&quot;,&quot;_ob_widget_stalker_use&quot;:&quot;no&quot;}\" data-widget_type=\"heading.default\">\n\t\t\t\t\t<h1 class=\"elementor-heading-title elementor-size-default\">Otisk<\/h1>\t\t\t\t<\/div>\n\t\t\t\t<div class=\"elementor-element elementor-element-9559d40 ob-harakiri-inherit ob-has-background-overlay elementor-widget elementor-widget-text-editor\" data-id=\"9559d40\" data-element_type=\"widget\" data-e-type=\"widget\" data-settings=\"{&quot;_ob_use_harakiri&quot;:&quot;yes&quot;,&quot;_ob_harakiri_writing_mode&quot;:&quot;inherit&quot;,&quot;_ob_postman_use&quot;:&quot;no&quot;,&quot;_ob_perspektive_use&quot;:&quot;no&quot;,&quot;_ob_poopart_use&quot;:&quot;yes&quot;,&quot;_ob_shadough_use&quot;:&quot;no&quot;,&quot;_ob_allow_hoveranimator&quot;:&quot;no&quot;,&quot;_ob_widget_stalker_use&quot;:&quot;no&quot;}\" data-widget_type=\"text-editor.default\">\n\t\t\t\t\t\t\t\t\t<p><strong>S\u00eddlo v Tuttlingenu:<\/strong><br>Armin Hamma Umwelttechnik<br>Kettelerstra\u00dfe 44-46<br>78532 Tuttlingen<br>N\u011bmecko.<\/p><p><strong>Telefon:<\/strong> <a href=\"tel:+49%E2%80%AF7461%E2%80%AF965990\">+49 (0) 7461 \/ 96599-0<\/a><br><strong>E-mail:<\/strong> <a href=\"mailto:info@hamma-uwt.de\">info@hamma-uwt.de<\/a><br><a href=\"https:\/\/hamma-uwt.de\" target=\"_blank\" rel=\"noopener\">hamma-uwt.de<\/a><\/p><p><strong>Z\u00e1vod na v\u00fdrobu elektroniky:<\/strong><br>Armin Hamma Umwelttechnik<br>Odd\u011blen\u00ed elektroniky Irslingen<br>Friedhofstra\u00dfe 1<br>78661 Dietingen-Irslingen<br>N\u011bmecko.<\/p><p><strong>Telefon: +49 (<\/strong> <a href=\"tel:+49%E2%80%AF74619659950\">0) 7461 \/ 96599-50<\/a><br><strong>E-mail<\/strong> <a href=\"mailto:elektronik@hamma-uwt.de\">:<\/a><a href=\"https:\/\/hamma-elektronik.de\/cs\/\">elektronik@hamma-uwt.de<\/a><br><strong>hamma-elektronik<\/strong>.de<br><br> DI\u010c:<br>DI\u010c podle \u00a7 27a z\u00e1kona o dani z obratu: DE813445660<br>M\u00edstn\u011b p\u0159\u00edslu\u0161n\u00fd soud: Tuttlingen.<\/p><p>&#8212;&#8212;&#8212;&#8212;&#8212;&#8212;&#8212;&#8212;&#8212;&#8212;&#8212;&#8212;&#8212;&#8212;&#8212;&#8212;&#8212;&#8212;&#8212;&#8212;&#8212;&#8212;&#8212;&#8212;&#8212;&#8212;&#8212;&#8212;&#8212;-<\/p><p><span style=\"text-decoration: underline;\">\u010c\u00edslo D-U-N-S\u00ae<\/span><br>Registra\u010dn\u00ed \u010d\u00edslo: 342751662<\/p><p>Registra\u010dn\u00ed \u010d\u00edslo <span style=\"text-decoration: underline;\">WEEE<\/span><br>: DE11730451<\/p><p><span style=\"text-decoration: underline;\">LUCID<\/span><br>Registra\u010dn\u00ed \u010d\u00edslo: DE3537499563444<\/p>\t\t\t\t\t\t\t\t<\/div>\n\t\t\t\t\t<\/div>\n\t\t\t\t<\/div>\n\t\t\t\t<\/div>\n\t\t","protected":false},"excerpt":{"rendered":"<p>Otisk S\u00eddlo v Tuttlingenu:Armin Hamma UmwelttechnikKettelerstra\u00dfe 44-4678532 TuttlingenN\u011bmecko. Telefon: +49 (0) 7461 \/ 96599-0E-mail: info@hamma-uwt.dehamma-uwt.de Z\u00e1vod na v\u00fdrobu elektroniky:Armin Hamma UmwelttechnikOdd\u011blen\u00ed elektroniky IrslingenFriedhofstra\u00dfe 178661 Dietingen-IrslingenN\u011bmecko. Telefon: +49 ( 0) 7461 \/ 96599-50E-mail :elektronik@hamma-uwt.dehamma-elektronik.de DI\u010c:DI\u010c podle \u00a7 27a z\u00e1kona o dani z obratu: DE813445660M\u00edstn\u011b p\u0159\u00edslu\u0161n\u00fd soud: Tuttlingen. &#8212;&#8212;&#8212;&#8212;&#8212;&#8212;&#8212;&#8212;&#8212;&#8212;&#8212;&#8212;&#8212;&#8212;&#8212;&#8212;&#8212;&#8212;&#8212;&#8212;&#8212;&#8212;&#8212;&#8212;&#8212;&#8212;&#8212;&#8212;&#8212;- \u010c\u00edslo D-U-N-S\u00aeRegistra\u010dn\u00ed \u010d\u00edslo: 342751662 Registra\u010dn\u00ed \u010d\u00edslo WEEE: DE11730451 [&hellip;]<\/p>\n","protected":false},"author":1,"featured_media":0,"parent":0,"menu_order":100,"comment_status":"closed","ping_status":"closed","template":"","meta":{"footnotes":""},"class_list":["post-718","page","type-page","status-publish","hentry"],"_links":{"self":[{"href":"https:\/\/hamma-elektronik.de\/cs\/wp-json\/wp\/v2\/pages\/718","targetHints":{"allow":["GET"]}}],"collection":[{"href":"https:\/\/hamma-elektronik.de\/cs\/wp-json\/wp\/v2\/pages"}],"about":[{"href":"https:\/\/hamma-elektronik.de\/cs\/wp-json\/wp\/v2\/types\/page"}],"author":[{"embeddable":true,"href":"https:\/\/hamma-elektronik.de\/cs\/wp-json\/wp\/v2\/users\/1"}],"replies":[{"embeddable":true,"href":"https:\/\/hamma-elektronik.de\/cs\/wp-json\/wp\/v2\/comments?post=718"}],"version-history":[{"count":1,"href":"https:\/\/hamma-elektronik.de\/cs\/wp-json\/wp\/v2\/pages\/718\/revisions"}],"predecessor-version":[{"id":725,"href":"https:\/\/hamma-elektronik.de\/cs\/wp-json\/wp\/v2\/pages\/718\/revisions\/725"}],"wp:attachment":[{"href":"https:\/\/hamma-elektronik.de\/cs\/wp-json\/wp\/v2\/media?parent=718"}],"curies":[{"name":"wp","href":"https:\/\/api.w.org\/{rel}","templated":true}]}}