{"id":578,"date":"2025-12-03T14:40:55","date_gmt":"2025-12-03T13:40:55","guid":{"rendered":"https:\/\/hamma-elektronik.de\/impresszum\/"},"modified":"2025-12-11T08:28:28","modified_gmt":"2025-12-11T07:28:28","slug":"impresszum","status":"publish","type":"page","link":"https:\/\/hamma-elektronik.de\/hu\/impresszum\/","title":{"rendered":"Impresszum"},"content":{"rendered":"\t\t<div data-elementor-type=\"wp-page\" data-elementor-id=\"578\" class=\"elementor elementor-578 elementor-331\" data-elementor-post-type=\"page\">\n\t\t\t\t<div class=\"elementor-element elementor-element-8d29962 e-flex e-con-boxed e-con e-parent\" data-id=\"8d29962\" data-element_type=\"container\" data-e-type=\"container\" data-settings=\"{&quot;jet_parallax_layout_list&quot;:[],&quot;_ob_use_container_extras&quot;:&quot;no&quot;,&quot;_ob_column_hoveranimator&quot;:&quot;no&quot;,&quot;_ob_glider_is_slider&quot;:&quot;no&quot;,&quot;_ob_column_has_pseudo&quot;:&quot;no&quot;}\">\n\t\t\t\t\t<div class=\"e-con-inner\">\n\t\t\t\t<div class=\"elementor-element elementor-element-07d329f ob-harakiri-inherit ob-has-background-overlay elementor-widget elementor-widget-heading\" data-id=\"07d329f\" data-element_type=\"widget\" data-e-type=\"widget\" data-settings=\"{&quot;_ob_use_harakiri&quot;:&quot;yes&quot;,&quot;_ob_harakiri_writing_mode&quot;:&quot;inherit&quot;,&quot;_ob_harakiri_text_clip&quot;:&quot;none&quot;,&quot;_ob_perspektive_use&quot;:&quot;no&quot;,&quot;_ob_poopart_use&quot;:&quot;yes&quot;,&quot;_ob_shadough_use&quot;:&quot;no&quot;,&quot;_ob_allow_hoveranimator&quot;:&quot;no&quot;,&quot;_ob_widget_stalker_use&quot;:&quot;no&quot;}\" data-widget_type=\"heading.default\">\n\t\t\t\t\t<h1 class=\"elementor-heading-title elementor-size-default\">Impresszum<\/h1>\t\t\t\t<\/div>\n\t\t\t\t<div class=\"elementor-element elementor-element-9559d40 ob-harakiri-inherit ob-has-background-overlay elementor-widget elementor-widget-text-editor\" data-id=\"9559d40\" data-element_type=\"widget\" data-e-type=\"widget\" data-settings=\"{&quot;_ob_use_harakiri&quot;:&quot;yes&quot;,&quot;_ob_harakiri_writing_mode&quot;:&quot;inherit&quot;,&quot;_ob_postman_use&quot;:&quot;no&quot;,&quot;_ob_perspektive_use&quot;:&quot;no&quot;,&quot;_ob_poopart_use&quot;:&quot;yes&quot;,&quot;_ob_shadough_use&quot;:&quot;no&quot;,&quot;_ob_allow_hoveranimator&quot;:&quot;no&quot;,&quot;_ob_widget_stalker_use&quot;:&quot;no&quot;}\" data-widget_type=\"text-editor.default\">\n\t\t\t\t\t\t\t\t\t<p><strong>Sz\u00e9khely Tuttlingen:<\/strong><br>Armin Hamma Umwelttechnik<br>Kettelerstra\u00dfe 44-46<br>78532 Tuttlingen<br>Germany<\/p><p><strong>Telefon:<\/strong> <a href=\"tel:+49%E2%80%AF7461%E2%80%AF965990\">+49 (0) 7461 \/ 96599-0<\/a><br><strong>E-mail:<\/strong> <a href=\"mailto:info@hamma-uwt.de\">info@hamma-uwt.de<\/a><br><a href=\"https:\/\/hamma-uwt.de\" target=\"_blank\" rel=\"noopener\">hamma-uwt.de<\/a><\/p><p><strong>Elektronikai \u00fczem:<\/strong><br>Armin Hamma Umwelttechnik<br>Elektronikai r\u00e9szleg Irslingen<br>Friedhofstra\u00dfe 1<br>78661 Dietingen-Irslingen<br>N\u00e9metorsz\u00e1g<\/p><p><strong>Telefon: +49 (<\/strong> <a href=\"tel:+49%E2%80%AF74619659950\">0) 7461 \/ 96599-50<\/a><br><strong>E-mail<\/strong> <a href=\"mailto:elektronik@hamma-uwt.de\">:<\/a><a href=\"https:\/\/hamma-elektronik.de\/hu\/\">elektronik@hamma-uwt.de<\/a><br><strong>hamma-elektronik<\/strong>.de<br><br> Sales tax ID:<br>Sales tax identification number in accordance with \u00a7 27 a of the Sales Tax Act: DE813445660<br>Helyileg illet\u00e9kes b\u00edr\u00f3s\u00e1g: Tuttlingen.<\/p><p>&#8212;&#8212;&#8212;&#8212;&#8212;&#8212;&#8212;&#8212;&#8212;&#8212;&#8212;&#8212;&#8212;&#8212;&#8212;&#8212;&#8212;&#8212;&#8212;&#8212;&#8212;&#8212;&#8212;&#8212;&#8212;&#8212;&#8212;&#8212;&#8212;-<\/p><p><span style=\"text-decoration: underline;\">D-U-N-S\u00ae sz\u00e1m<\/span><br>Regisztr\u00e1ci\u00f3s sz\u00e1m: 342751662<\/p><p><span style=\"text-decoration: underline;\">WEEE<\/span><br>Regisztr\u00e1ci\u00f3s sz\u00e1m: DE11730451<\/p><p><span style=\"text-decoration: underline;\">LUCID<\/span><br>Nyilv\u00e1ntart\u00e1si sz\u00e1m: DE3537499563444<\/p>\t\t\t\t\t\t\t\t<\/div>\n\t\t\t\t\t<\/div>\n\t\t\t\t<\/div>\n\t\t\t\t<\/div>\n\t\t","protected":false},"excerpt":{"rendered":"<p>Impresszum Sz\u00e9khely Tuttlingen:Armin Hamma UmwelttechnikKettelerstra\u00dfe 44-4678532 TuttlingenGermany Telefon: +49 (0) 7461 \/ 96599-0E-mail: info@hamma-uwt.dehamma-uwt.de Elektronikai \u00fczem:Armin Hamma UmwelttechnikElektronikai r\u00e9szleg IrslingenFriedhofstra\u00dfe 178661 Dietingen-IrslingenN\u00e9metorsz\u00e1g Telefon: +49 ( 0) 7461 \/ 96599-50E-mail :elektronik@hamma-uwt.dehamma-elektronik.de Sales tax ID:Sales tax identification number in accordance with \u00a7 27 a of the Sales Tax Act: DE813445660Helyileg illet\u00e9kes b\u00edr\u00f3s\u00e1g: Tuttlingen. &#8212;&#8212;&#8212;&#8212;&#8212;&#8212;&#8212;&#8212;&#8212;&#8212;&#8212;&#8212;&#8212;&#8212;&#8212;&#8212;&#8212;&#8212;&#8212;&#8212;&#8212;&#8212;&#8212;&#8212;&#8212;&#8212;&#8212;&#8212;&#8212;- D-U-N-S\u00ae sz\u00e1mRegisztr\u00e1ci\u00f3s sz\u00e1m: [&hellip;]<\/p>\n","protected":false},"author":1,"featured_media":0,"parent":0,"menu_order":100,"comment_status":"closed","ping_status":"closed","template":"","meta":{"footnotes":""},"class_list":["post-578","page","type-page","status-publish","hentry"],"_links":{"self":[{"href":"https:\/\/hamma-elektronik.de\/hu\/wp-json\/wp\/v2\/pages\/578","targetHints":{"allow":["GET"]}}],"collection":[{"href":"https:\/\/hamma-elektronik.de\/hu\/wp-json\/wp\/v2\/pages"}],"about":[{"href":"https:\/\/hamma-elektronik.de\/hu\/wp-json\/wp\/v2\/types\/page"}],"author":[{"embeddable":true,"href":"https:\/\/hamma-elektronik.de\/hu\/wp-json\/wp\/v2\/users\/1"}],"replies":[{"embeddable":true,"href":"https:\/\/hamma-elektronik.de\/hu\/wp-json\/wp\/v2\/comments?post=578"}],"version-history":[{"count":1,"href":"https:\/\/hamma-elektronik.de\/hu\/wp-json\/wp\/v2\/pages\/578\/revisions"}],"predecessor-version":[{"id":579,"href":"https:\/\/hamma-elektronik.de\/hu\/wp-json\/wp\/v2\/pages\/578\/revisions\/579"}],"wp:attachment":[{"href":"https:\/\/hamma-elektronik.de\/hu\/wp-json\/wp\/v2\/media?parent=578"}],"curies":[{"name":"wp","href":"https:\/\/api.w.org\/{rel}","templated":true}]}}